{"id":3703,"date":"2024-01-30T20:22:01","date_gmt":"2024-01-30T20:22:01","guid":{"rendered":"https:\/\/globalreadyacademy.net\/?page_id=3703"},"modified":"2024-01-30T20:24:25","modified_gmt":"2024-01-30T20:24:25","slug":"solicite-una-cotizacion","status":"publish","type":"page","link":"https:\/\/globalready.academy\/?page_id=3703&lang=es","title":{"rendered":"Solicite una cotizaci\u00f3n"},"content":{"rendered":"\t\t<div data-elementor-type=\"wp-page\" data-elementor-id=\"3703\" class=\"elementor elementor-3703\">\n\t\t\t\t\t\t<section data-particle_enable=\"false\" data-particle-mobile-disabled=\"false\" class=\"elementor-section elementor-top-section elementor-element elementor-element-70f5f30 elementor-section-full_width elementor-section-height-min-height elementor-section-stretched elementor-section-height-default elementor-section-items-middle eltdf-parallax-row-no eltdf-content-aligment-left eltdf-elementor-row-grid-no eltdf-disabled-bg-image-bellow-no\" data-id=\"70f5f30\" data-element_type=\"section\" data-e-type=\"section\" data-settings=\"{&quot;stretch_section&quot;:&quot;section-stretched&quot;,&quot;background_background&quot;:&quot;classic&quot;}\">\n\t\t\t\t\t\t<div class=\"elementor-container elementor-column-gap-default\">\n\t\t\t\t\t<div class=\"elementor-column elementor-col-100 elementor-top-column elementor-element elementor-element-65ac3f3\" data-id=\"65ac3f3\" data-element_type=\"column\" data-e-type=\"column\">\n\t\t\t<div class=\"elementor-widget-wrap elementor-element-populated\">\n\t\t\t\t\t\t<div class=\"elementor-element elementor-element-b86e675 elementor-widget elementor-widget-heading\" data-id=\"b86e675\" data-element_type=\"widget\" data-e-type=\"widget\" data-widget_type=\"heading.default\">\n\t\t\t\t<div class=\"elementor-widget-container\">\n\t\t\t\t\t<h1 class=\"elementor-heading-title elementor-size-default\">Solicite una cotizaci\u00f3n<\/h1>\t\t\t\t<\/div>\n\t\t\t\t<\/div>\n\t\t\t\t\t<\/div>\n\t\t<\/div>\n\t\t\t\t\t<\/div>\n\t\t<\/section>\n\t\t\t\t<section data-particle_enable=\"false\" data-particle-mobile-disabled=\"false\" class=\"elementor-section elementor-top-section elementor-element elementor-element-70e12bd elementor-section-full_width elementor-section-stretched elementor-section-height-default elementor-section-height-default eltdf-parallax-row-no eltdf-content-aligment-left eltdf-elementor-row-grid-no eltdf-disabled-bg-image-bellow-no\" data-id=\"70e12bd\" data-element_type=\"section\" data-e-type=\"section\" data-settings=\"{&quot;stretch_section&quot;:&quot;section-stretched&quot;,&quot;background_background&quot;:&quot;classic&quot;}\">\n\t\t\t\t\t\t<div class=\"elementor-container elementor-column-gap-default\">\n\t\t\t\t\t<div class=\"elementor-column elementor-col-100 elementor-top-column elementor-element elementor-element-93f2818\" data-id=\"93f2818\" data-element_type=\"column\" data-e-type=\"column\">\n\t\t\t<div class=\"elementor-widget-wrap elementor-element-populated\">\n\t\t\t\t\t\t<section data-particle_enable=\"false\" data-particle-mobile-disabled=\"false\" class=\"elementor-section elementor-inner-section elementor-element elementor-element-0645f7c elementor-section-boxed elementor-section-height-default elementor-section-height-default eltdf-parallax-row-no eltdf-content-aligment-left eltdf-elementor-row-grid-no eltdf-disabled-bg-image-bellow-no\" data-id=\"0645f7c\" data-element_type=\"section\" data-e-type=\"section\">\n\t\t\t\t\t\t<div class=\"elementor-container elementor-column-gap-default\">\n\t\t\t\t\t<div class=\"elementor-column elementor-col-50 elementor-inner-column elementor-element elementor-element-8a92923\" data-id=\"8a92923\" data-element_type=\"column\" data-e-type=\"column\">\n\t\t\t<div class=\"elementor-widget-wrap elementor-element-populated\">\n\t\t\t\t\t\t<div class=\"elementor-element elementor-element-85699c1 elementor-widget elementor-widget-heading\" data-id=\"85699c1\" data-element_type=\"widget\" data-e-type=\"widget\" data-widget_type=\"heading.default\">\n\t\t\t\t<div class=\"elementor-widget-container\">\n\t\t\t\t\t<h2 class=\"elementor-heading-title elementor-size-default\">Entrena a tu equipo<\/h2>\t\t\t\t<\/div>\n\t\t\t\t<\/div>\n\t\t\t\t\t<\/div>\n\t\t<\/div>\n\t\t\t\t<div class=\"elementor-column elementor-col-50 elementor-inner-column elementor-element elementor-element-8ac6570\" data-id=\"8ac6570\" data-element_type=\"column\" data-e-type=\"column\">\n\t\t\t<div class=\"elementor-widget-wrap elementor-element-populated\">\n\t\t\t\t\t\t<div class=\"elementor-element elementor-element-29badc4 eael-wpforms-labels-yes eael-wpforms-form-button-custom elementor-widget elementor-widget-eael-wpforms\" data-id=\"29badc4\" data-element_type=\"widget\" data-e-type=\"widget\" data-widget_type=\"eael-wpforms.default\">\n\t\t\t\t<div class=\"elementor-widget-container\">\n\t\t\t\t\t            <div class=\"eael-contact-form eael-wpforms title-description-hide eael-wpforms-align-default\">\n                                    <div class=\"eael-wpforms-heading\">\n                                                                    <\/div>\n                                <div class=\"wpforms-container wpforms-container-full\" id=\"wpforms-3692\"><form id=\"wpforms-form-3692\" class=\"wpforms-validate wpforms-form wpforms-ajax-form\" data-formid=\"3692\" method=\"post\" enctype=\"multipart\/form-data\" action=\"\/index.php?rest_route=%2Fwp%2Fv2%2Fpages%2F3703\" data-token=\"eb220b5a957850877c277e122a2f75ef\"><noscript class=\"wpforms-error-noscript\">Please enable JavaScript in your browser to complete this form.<\/noscript><div class=\"wpforms-field-container\"><div id=\"wpforms-3692-field_1-container\" class=\"wpforms-field wpforms-field-name\" data-field-id=\"1\"><label class=\"wpforms-field-label\" for=\"wpforms-3692-field_1\">Nombre <span class=\"wpforms-required-label\">*<\/span><\/label><input type=\"text\" id=\"wpforms-3692-field_1\" class=\"wpforms-field-large wpforms-field-required\" name=\"wpforms[fields][1]\" required><\/div><div id=\"wpforms-3692-field_3-container\" class=\"wpforms-field wpforms-field-email\" data-field-id=\"3\"><label class=\"wpforms-field-label\" for=\"wpforms-3692-field_3\">Email <span class=\"wpforms-required-label\">*<\/span><\/label><input type=\"email\" id=\"wpforms-3692-field_3\" class=\"wpforms-field-large wpforms-field-required\" name=\"wpforms[fields][3]\" required><\/div><div id=\"wpforms-3692-field_2-container\" class=\"wpforms-field wpforms-field-phone\" data-field-id=\"2\"><label class=\"wpforms-field-label\" for=\"wpforms-3692-field_2\">Tel\u00e9fono <span class=\"wpforms-required-label\">*<\/span><\/label><input type=\"tel\" id=\"wpforms-3692-field_2\" class=\"wpforms-field-large wpforms-field-required wpforms-smart-phone-field\" data-rule-smart-phone-field=\"true\" name=\"wpforms[fields][2]\" required><\/div><div id=\"wpforms-3692-field_14-container\" class=\"wpforms-field wpforms-field-text\" data-field-id=\"14\"><label class=\"wpforms-field-label\" for=\"wpforms-3692-field_14\">Empresa <span class=\"wpforms-required-label\">*<\/span><\/label><input type=\"text\" id=\"wpforms-3692-field_14\" class=\"wpforms-field-large wpforms-field-required\" name=\"wpforms[fields][14]\" required><\/div><div id=\"wpforms-3692-field_5-container\" class=\"wpforms-field wpforms-field-select wpforms-conditional-trigger wpforms-field-select-style-modern\" data-field-id=\"5\"><label class=\"wpforms-field-label\" for=\"wpforms-3692-field_5\">Flujos de conocimiento disponibles <span class=\"wpforms-required-label\">*<\/span><\/label><select id=\"wpforms-3692-field_5\" class=\"wpforms-field-large wpforms-field-required choicesjs-select\" data-size-class=\"wpforms-field-row wpforms-field-large\" data-search-enabled=\"\" name=\"wpforms[fields][5]\" required=\"required\"><option value=\"\" class=\"placeholder\" disabled  selected='selected'>Gesti\u00f3n de control de trabajo basada en equipos<\/option><option value=\"Gesti\u00f3n de control de trabajo basada en equipos\" >Gesti\u00f3n de control de trabajo basada en equipos<\/option><option value=\"An\u00e1lisis de fallas y soluci\u00f3n de problemas\" >An\u00e1lisis de fallas y soluci\u00f3n de problemas<\/option><option value=\"Establecimiento de un programa de mantenimiento proactivo\" >Establecimiento de un programa de mantenimiento proactivo<\/option><option value=\"Ingenier\u00eda Organizacional\" >Ingenier\u00eda Organizacional<\/option><option value=\"Plan estrat\u00e9gico de manejo de activos\" >Plan estrat\u00e9gico de manejo de activos<\/option><\/select><div class=\"wpforms-field-description\">Select the topic of interest<\/div><\/div><div id=\"wpforms-3692-field_10-container\" class=\"wpforms-field wpforms-field-select wpforms-conditional-field wpforms-conditional-show wpforms-field-select-style-modern\" data-field-id=\"10\" style=\"display:none;\"><label class=\"wpforms-field-label\" for=\"wpforms-3692-field_10\">Talleres <span class=\"wpforms-required-label\">*<\/span><\/label><select id=\"wpforms-3692-field_10\" class=\"wpforms-field-large wpforms-field-required choicesjs-select\" data-size-class=\"wpforms-field-row wpforms-field-large\" data-search-enabled=\"1\" name=\"wpforms[fields][10]\" required=\"required\"><option value=\"\" class=\"placeholder\" disabled  selected='selected'>Resumen ejecutivo de la gesti\u00f3n del control del trabajo basado en equipos<\/option><option value=\"Resumen ejecutivo de la gesti\u00f3n del control del trabajo basado en equipos\" >Resumen ejecutivo de la gesti\u00f3n del control del trabajo basado en equipos<\/option><option value=\"Fundamentos de planificaci\u00f3n\" >Fundamentos de planificaci\u00f3n<\/option><option value=\"Fundamentos de programaci\u00f3n\" >Fundamentos de programaci\u00f3n<\/option><option value=\"Fundamentos de planificaci\u00f3n y programaci\u00f3n\" >Fundamentos de planificaci\u00f3n y programaci\u00f3n<\/option><option value=\"Planificaci\u00f3n y programaci\u00f3n avanzadas\" >Planificaci\u00f3n y programaci\u00f3n avanzadas<\/option><option value=\"Fundamentos de la coordinaci\u00f3n de apagado\" >Fundamentos de la coordinaci\u00f3n de apagado<\/option><option value=\"Gesti\u00f3n de control de trabajo basada en equipos para el profesional de producci\u00f3n\" >Gesti\u00f3n de control de trabajo basada en equipos para el profesional de producci\u00f3n<\/option><option value=\"Gesti\u00f3n de control de trabajo basada en equipos para el profesional de mantenimiento\" >Gesti\u00f3n de control de trabajo basada en equipos para el profesional de mantenimiento<\/option><option value=\"Auditor\u00eda y gesti\u00f3n de su programa de gesti\u00f3n de control de trabajo basado en equipos\" >Auditor\u00eda y gesti\u00f3n de su programa de gesti\u00f3n de control de trabajo basado en equipos<\/option><\/select><div class=\"wpforms-field-description\">Seleccione el taller de inter\u00e9s<\/div><\/div><div id=\"wpforms-3692-field_9-container\" class=\"wpforms-field wpforms-field-select wpforms-conditional-field wpforms-conditional-show wpforms-field-select-style-modern\" data-field-id=\"9\" style=\"display:none;\"><label class=\"wpforms-field-label\" for=\"wpforms-3692-field_9\">Talleres <span class=\"wpforms-required-label\">*<\/span><\/label><select id=\"wpforms-3692-field_9\" class=\"wpforms-field-large wpforms-field-required choicesjs-select\" data-size-class=\"wpforms-field-row wpforms-field-large\" data-search-enabled=\"\" name=\"wpforms[fields][9]\" required=\"required\"><option value=\"\" class=\"placeholder\" disabled  selected='selected'>Resumen ejecutivo de an\u00e1lisis de fallas y pr\u00e1cticas de resoluci\u00f3n de problemas<\/option><option value=\"Resumen ejecutivo de an\u00e1lisis de fallas y pr\u00e1cticas de resoluci\u00f3n de problemas\" >Resumen ejecutivo de an\u00e1lisis de fallas y pr\u00e1cticas de resoluci\u00f3n de problemas<\/option><option value=\"Programa de Desarrollo de Competencias del Facilitador RCFA\" >Programa de Desarrollo de Competencias del Facilitador RCFA<\/option><option value=\"Fundamentos de la soluci\u00f3n de problemas\" >Fundamentos de la soluci\u00f3n de problemas<\/option><\/select><div class=\"wpforms-field-description\">Seleccione el taller de inter\u00e9s<\/div><\/div><div id=\"wpforms-3692-field_11-container\" class=\"wpforms-field wpforms-field-select wpforms-conditional-field wpforms-conditional-show wpforms-field-select-style-modern\" data-field-id=\"11\" style=\"display:none;\"><label class=\"wpforms-field-label\" for=\"wpforms-3692-field_11\">Talleres <span class=\"wpforms-required-label\">*<\/span><\/label><select id=\"wpforms-3692-field_11\" class=\"wpforms-field-large wpforms-field-required choicesjs-select\" data-size-class=\"wpforms-field-row wpforms-field-large\" data-search-enabled=\"\" name=\"wpforms[fields][11]\" required=\"required\"><option value=\"\" class=\"placeholder\" disabled  selected='selected'>Descripci\u00f3n general ejecutiva del desarrollo y optimizaci\u00f3n del programa PM<\/option><option value=\"Descripci\u00f3n general ejecutiva del desarrollo y optimizaci\u00f3n del programa PM\" >Descripci\u00f3n general ejecutiva del desarrollo y optimizaci\u00f3n del programa PM<\/option><option value=\"RCM basado en est\u00e1ndares y sus derivados (elementos fundamentales)\" >RCM basado en est\u00e1ndares y sus derivados (elementos fundamentales)<\/option><option value=\"Programa de desarrollo de competencias del facilitador de RCM\" >Programa de desarrollo de competencias del facilitador de RCM<\/option><option value=\"Programa de desarrollo de competencias del facilitador FMEA\/FMECA\" >Programa de desarrollo de competencias del facilitador FMEA\/FMECA<\/option><option value=\"Programa de desarrollo de competencias para facilitadores de PMO\" >Programa de desarrollo de competencias para facilitadores de PMO<\/option><\/select><div class=\"wpforms-field-description\">Seleccione el taller de inter\u00e9s<\/div><\/div><div id=\"wpforms-3692-field_12-container\" class=\"wpforms-field wpforms-field-select wpforms-conditional-field wpforms-conditional-show wpforms-field-select-style-modern\" data-field-id=\"12\" style=\"display:none;\"><label class=\"wpforms-field-label\" for=\"wpforms-3692-field_12\">Talleres <span class=\"wpforms-required-label\">*<\/span><\/label><select id=\"wpforms-3692-field_12\" class=\"wpforms-field-large wpforms-field-required choicesjs-select\" data-size-class=\"wpforms-field-row wpforms-field-large\" data-search-enabled=\"\" name=\"wpforms[fields][12]\" required=\"required\"><option value=\"\" class=\"placeholder\" disabled  selected='selected'>Descripci\u00f3n general ejecutiva de la ingenier\u00eda organizacional<\/option><option value=\"Descripci\u00f3n general ejecutiva de la ingenier\u00eda organizacional\" >Descripci\u00f3n general ejecutiva de la ingenier\u00eda organizacional<\/option><option value=\"Descripci\u00f3n general de los procesos empresariales clave que respaldan la gesti\u00f3n de activos\" >Descripci\u00f3n general de los procesos empresariales clave que respaldan la gesti\u00f3n de activos<\/option><option value=\"Ingenier\u00eda Organizacional para el Profesional de RRHH\" >Ingenier\u00eda Organizacional para el Profesional de RRHH<\/option><option value=\"Programa de Desarrollo de Competencias del Facilitador de Ingenier\u00eda Organizacional\" >Programa de Desarrollo de Competencias del Facilitador de Ingenier\u00eda Organizacional<\/option><\/select><div class=\"wpforms-field-description\">Seleccione el taller de inter\u00e9s<\/div><\/div><div id=\"wpforms-3692-field_13-container\" class=\"wpforms-field wpforms-field-select wpforms-conditional-field wpforms-conditional-show wpforms-field-select-style-modern\" data-field-id=\"13\" style=\"display:none;\"><label class=\"wpforms-field-label\" for=\"wpforms-3692-field_13\">Talleres <span class=\"wpforms-required-label\">*<\/span><\/label><select id=\"wpforms-3692-field_13\" class=\"wpforms-field-large wpforms-field-required choicesjs-select\" data-size-class=\"wpforms-field-row wpforms-field-large\" data-search-enabled=\"\" name=\"wpforms[fields][13]\" required=\"required\"><option value=\"\" class=\"placeholder\" disabled  selected='selected'>Descripci\u00f3n general ejecutiva de la estrategia de evaluaci\u00f3n y mejora<\/option><option value=\"Descripci\u00f3n general ejecutiva de la estrategia de evaluaci\u00f3n y mejora\" >Descripci\u00f3n general ejecutiva de la estrategia de evaluaci\u00f3n y mejora<\/option><option value=\"Liderar una evaluaci\u00f3n y definir una estrategia de mejora\" >Liderar una evaluaci\u00f3n y definir una estrategia de mejora<\/option><\/select><div class=\"wpforms-field-description\">Seleccione el taller de inter\u00e9s<\/div><\/div><div id=\"wpforms-3692-field_8-container\" class=\"wpforms-field wpforms-field-number\" data-field-id=\"8\"><label class=\"wpforms-field-label\" for=\"wpforms-3692-field_8\">Numero de estudiantes <span class=\"wpforms-required-label\">*<\/span><\/label><input type=\"number\" pattern=\"\\d*\" id=\"wpforms-3692-field_8\" class=\"wpforms-field-large wpforms-field-required\" name=\"wpforms[fields][8]\" required><\/div><div id=\"wpforms-3692-field_7-container\" class=\"wpforms-field wpforms-field-textarea\" data-field-id=\"7\"><label class=\"wpforms-field-label\" for=\"wpforms-3692-field_7\">Detalles de la solicitud<\/label><textarea id=\"wpforms-3692-field_7\" class=\"wpforms-field-medium\" name=\"wpforms[fields][7]\" ><\/textarea><\/div><\/div><div class=\"wpforms-submit-container\"><input type=\"hidden\" name=\"wpforms[id]\" value=\"3692\"><input type=\"hidden\" name=\"wpforms[author]\" value=\"1\"><button type=\"submit\" name=\"wpforms[submit]\" id=\"wpforms-submit-3692\" class=\"wpforms-submit\" data-alt-text=\"Enviando...\" data-submit-text=\"Enviar\" aria-live=\"assertive\" value=\"wpforms-submit\">Enviar<\/button><img decoding=\"async\" src=\"https:\/\/globalready.academy\/wp-content\/plugins\/wpforms\/assets\/images\/submit-spin.svg\" class=\"wpforms-submit-spinner\" style=\"display: none;\" width=\"26\" height=\"26\" alt=\"Loading\"><\/div><\/form><\/div>  <!-- .wpforms-container -->            <\/div>\n\t\t\t\t<\/div>\n\t\t\t\t<\/div>\n\t\t\t\t\t<\/div>\n\t\t<\/div>\n\t\t\t\t\t<\/div>\n\t\t<\/section>\n\t\t\t\t\t<\/div>\n\t\t<\/div>\n\t\t\t\t\t<\/div>\n\t\t<\/section>\n\t\t\t\t<\/div>\n\t\t","protected":false},"excerpt":{"rendered":"<p>Solicite una cotizaci\u00f3n Entrena a tu equipo Por favor, activa JavaScript en tu navegador para completar este formulario.Nombre *Email *Tel\u00e9fono *Flujos de conocimiento disponibles *Gesti\u00f3n de control de trabajo basada en equiposGesti\u00f3n de control de trabajo basada en equiposAn\u00e1lisis de [&hellip;]<\/p>\n","protected":false},"author":1,"featured_media":0,"parent":0,"menu_order":0,"comment_status":"closed","ping_status":"closed","template":"","meta":{"_eb_attr":"","footnotes":""},"class_list":["post-3703","page","type-page","status-publish","hentry"],"lang":"es","translations":{"es":3703,"en":3698,"fr":3713},"pll_sync_post":[],"_links":{"self":[{"href":"https:\/\/globalready.academy\/index.php?rest_route=\/wp\/v2\/pages\/3703","targetHints":{"allow":["GET"]}}],"collection":[{"href":"https:\/\/globalready.academy\/index.php?rest_route=\/wp\/v2\/pages"}],"about":[{"href":"https:\/\/globalready.academy\/index.php?rest_route=\/wp\/v2\/types\/page"}],"author":[{"embeddable":true,"href":"https:\/\/globalready.academy\/index.php?rest_route=\/wp\/v2\/users\/1"}],"replies":[{"embeddable":true,"href":"https:\/\/globalready.academy\/index.php?rest_route=%2Fwp%2Fv2%2Fcomments&post=3703"}],"version-history":[{"count":4,"href":"https:\/\/globalready.academy\/index.php?rest_route=\/wp\/v2\/pages\/3703\/revisions"}],"predecessor-version":[{"id":3708,"href":"https:\/\/globalready.academy\/index.php?rest_route=\/wp\/v2\/pages\/3703\/revisions\/3708"}],"wp:attachment":[{"href":"https:\/\/globalready.academy\/index.php?rest_route=%2Fwp%2Fv2%2Fmedia&parent=3703"}],"curies":[{"name":"wp","href":"https:\/\/api.w.org\/{rel}","templated":true}]}}